{"id":11499,"date":"2023-11-09T13:23:11","date_gmt":"2023-11-09T13:23:11","guid":{"rendered":"https:\/\/gccmongolia.com\/rekrutierung-auswahlinterviews\/"},"modified":"2023-11-09T13:23:11","modified_gmt":"2023-11-09T13:23:11","slug":"rekrutierung-auswahlinterviews","status":"publish","type":"page","link":"https:\/\/gccmongolia.com\/mn\/rekrutierung-auswahlinterviews\/","title":{"rendered":"Rekrutierung und Auswahlinterviews"},"content":{"rendered":"\t\t<div data-elementor-type=\"wp-page\" data-elementor-id=\"11499\" class=\"elementor elementor-11499 elementor-10084\" data-elementor-post-type=\"page\">\n\t\t\t\t<div data-particle_enable=\"false\" data-particle-mobile-disabled=\"false\" class=\"elementor-element elementor-element-d409977 e-flex e-con-boxed e-con e-parent\" data-id=\"d409977\" data-element_type=\"container\" data-e-type=\"container\">\n\t\t\t\t\t<div class=\"e-con-inner\">\n\t\t\t\t<div class=\"elementor-element elementor-element-3e3c2f6 elementor-widget elementor-widget-text-editor\" data-id=\"3e3c2f6\" data-element_type=\"widget\" data-e-type=\"widget\" data-widget_type=\"text-editor.default\">\n\t\t\t\t<div class=\"elementor-widget-container\">\n\t\t\t\t\t\t\t\t\t<p>Gateway Career Consultung \/GCC\/ ist eine Personal- und Unternehmensberatung, die sich auf das Anwerben von Pflegefachkr\u00e4ften und\/oder Auszubildenden spezialisiert hat. Im Auftrag unserer deutschen Kunden suchen wir gezielt neue Mitarbeiter f\u00fcr den Pflegebereich, bilden diese mit Hilfe unserer Kooperationspartner in der Mongolei aus und begleiten den gesamten Vermittlungs-, Vorbereitungs- und Anerkennungsprozess. Unser solides Netzwerk in der Mongolei versetzt uns in die Lage, bedarfsgerechtes Personal f\u00fcr den deutschen Arbeitsmarkt zu gewinnen und auf diese Weise eine nachhaltige und langfristige Orientierung anzubieten.<\/p>\t\t\t\t\t\t\t\t<\/div>\n\t\t\t\t<\/div>\n\t\t\t\t<div class=\"elementor-element elementor-element-f2ebd71 elementor-widget elementor-widget-text-editor\" data-id=\"f2ebd71\" data-element_type=\"widget\" data-e-type=\"widget\" data-widget_type=\"text-editor.default\">\n\t\t\t\t<div class=\"elementor-widget-container\">\n\t\t\t\t\t\t\t\t\t<p>GCC wurde 2017 als Unternehmungsberatung mit Sitz in Ulan-Bator gegr\u00fcndet. Seit der Gr\u00fcndung haben wir dauerhaft effiziente und hochprofessionelle Dienstleistungen in den Bereichen Human Resources, Marketing, Finanzen, Management und Arbeits- und Gesundheitsschutz (OSH) erbracht &#8211; nicht nur f\u00fcr mongolische Gro\u00dfunternehmen, KMU und Start-ups, sondern auch f\u00fcr internationale Organisationen in der Entwicklungszusammenarbeit. Kompetente Fachkr\u00e4fte und Auszubildende waren schon immer knapp. Dadurch begannen wir, f\u00fcr unsere Kunden Fachkr\u00e4fte aus den IT-, Marketing-, Finanzen-, Handwerk-, Bergbau- und aus den medizinischen Bereichen zu rekrutieren und zu vermitteln.<\/p>\t\t\t\t\t\t\t\t<\/div>\n\t\t\t\t<\/div>\n\t\t\t\t<div class=\"elementor-element elementor-element-5207e15 elementor-widget elementor-widget-text-editor\" data-id=\"5207e15\" data-element_type=\"widget\" data-e-type=\"widget\" data-widget_type=\"text-editor.default\">\n\t\t\t\t<div class=\"elementor-widget-container\">\n\t\t\t\t\t\t\t\t\t<p>Durch die Rekrutierungsanfragen unserer Deutschen Kunden, haben wir uns im Oktober 2021 entschlossen, bei der Rekrutierung und Integration von mongolischen Pflegefachkr\u00e4ften und Auszubildenden zu fokusieren, um uns hier zu spezialisieren und unseren Kunden volle Aufmerksamkeit zu gew\u00e4hrleisten.<\/p>\t\t\t\t\t\t\t\t<\/div>\n\t\t\t\t<\/div>\n\t\t\t\t\t<\/div>\n\t\t\t\t<\/div>\n\t\t\t\t<\/div>\n\t\t","protected":false},"excerpt":{"rendered":"<p>Gateway Career Consultung \/GCC\/ ist eine Personal- und Unternehmensberatung, die sich auf das Anwerben von Pflegefachkr\u00e4ften und\/oder Auszubildenden spezialisiert hat. Im Auftrag unserer deutschen Kunden suchen wir gezielt neue Mitarbeiter f\u00fcr den Pflegebereich, bilden diese mit Hilfe unserer Kooperationspartner in der Mongolei aus und begleiten den gesamten Vermittlungs-, Vorbereitungs- und Anerkennungsprozess. Unser solides Netzwerk in&hellip;<\/p>\n","protected":false},"author":1,"featured_media":0,"parent":0,"menu_order":0,"comment_status":"closed","ping_status":"closed","template":"","meta":{"footnotes":""},"class_list":["post-11499","page","type-page","status-publish","hentry"],"_links":{"self":[{"href":"https:\/\/gccmongolia.com\/mn\/wp-json\/wp\/v2\/pages\/11499","targetHints":{"allow":["GET"]}}],"collection":[{"href":"https:\/\/gccmongolia.com\/mn\/wp-json\/wp\/v2\/pages"}],"about":[{"href":"https:\/\/gccmongolia.com\/mn\/wp-json\/wp\/v2\/types\/page"}],"author":[{"embeddable":true,"href":"https:\/\/gccmongolia.com\/mn\/wp-json\/wp\/v2\/users\/1"}],"replies":[{"embeddable":true,"href":"https:\/\/gccmongolia.com\/mn\/wp-json\/wp\/v2\/comments?post=11499"}],"version-history":[{"count":0,"href":"https:\/\/gccmongolia.com\/mn\/wp-json\/wp\/v2\/pages\/11499\/revisions"}],"wp:attachment":[{"href":"https:\/\/gccmongolia.com\/mn\/wp-json\/wp\/v2\/media?parent=11499"}],"curies":[{"name":"wp","href":"https:\/\/api.w.org\/{rel}","templated":true}]}}